{"id":6418,"date":"2022-01-27T14:38:00","date_gmt":"2022-01-27T14:38:00","guid":{"rendered":"https:\/\/interreg-similar.eu\/?page_id=6418"},"modified":"2022-01-27T14:39:07","modified_gmt":"2022-01-27T14:39:07","slug":"u","status":"publish","type":"page","link":"https:\/\/interreg-similar.eu\/fr\/u\/","title":{"rendered":"U"},"content":{"rendered":"\n<p><a href=\"https:\/\/interreg-similar.eu\/fr\/petit-lexique-du-zythologue\/\">Retour<\/a> \u00e0 la page pr\u00e9c\u00e9dente<\/p>\n\n\n\n<p>\n<style type=\"text\/css\">body {\n  background-color: lightyellow\n;\n}\n<\/style><\/p>\n\n\n\n<div class=\"wp-block-columns is-layout-flex wp-container-core-columns-is-layout-9d6595d7 wp-block-columns-is-layout-flex\">\n<div class=\"wp-block-column is-layout-flow wp-block-column-is-layout-flow\"><\/div>\n\n\n\n<div class=\"wp-block-column is-layout-flow wp-block-column-is-layout-flow\">\n<p class=\"has-gray-light-background-color has-background\"><\/p>\n<\/div>\n\n\n\n<div class=\"wp-block-column is-layout-flow wp-block-column-is-layout-flow\">\n<p class=\"has-gray-light-background-color has-background\"><\/p>\n\n\n\n<p><\/p>\n<\/div>\n<\/div>\n","protected":false},"excerpt":{"rendered":"<p>Retour \u00e0 la page pr\u00e9c\u00e9dente<\/p>\n","protected":false},"author":8,"featured_media":0,"parent":0,"menu_order":0,"comment_status":"closed","ping_status":"closed","template":"","meta":{"_coblocks_attr":"","_coblocks_dimensions":"","_coblocks_responsive_height":"","_coblocks_accordion_ie_support":"","footnotes":""},"class_list":["post-6418","page","type-page","status-publish","hentry"],"yoast_head":"<!-- This site is optimized with the Yoast SEO plugin v27.4 - https:\/\/yoast.com\/product\/yoast-seo-wordpress\/ -->\n<title>U - SIMILAR<\/title>\n<meta name=\"robots\" content=\"index, follow, max-snippet:-1, max-image-preview:large, max-video-preview:-1\" \/>\n<link rel=\"canonical\" href=\"https:\/\/interreg-similar.eu\/fr\/u\/\" \/>\n<meta property=\"og:locale\" content=\"fr_FR\" \/>\n<meta property=\"og:type\" content=\"article\" \/>\n<meta property=\"og:title\" content=\"U - SIMILAR\" \/>\n<meta property=\"og:description\" content=\"Retour \u00e0 la page pr\u00e9c\u00e9dente\" \/>\n<meta property=\"og:url\" content=\"https:\/\/interreg-similar.eu\/fr\/u\/\" \/>\n<meta property=\"og:site_name\" content=\"SIMILAR\" \/>\n<meta property=\"article:modified_time\" content=\"2022-01-27T14:39:07+00:00\" \/>\n<meta name=\"twitter:card\" content=\"summary_large_image\" \/>\n<meta name=\"twitter:label1\" content=\"Dur\u00e9e de lecture estim\u00e9e\" \/>\n\t<meta name=\"twitter:data1\" content=\"1 minute\" \/>\n<script type=\"application\/ld+json\" class=\"yoast-schema-graph\">{\"@context\":\"https:\\\/\\\/schema.org\",\"@graph\":[{\"@type\":\"WebPage\",\"@id\":\"https:\\\/\\\/interreg-similar.eu\\\/fr\\\/u\\\/\",\"url\":\"https:\\\/\\\/interreg-similar.eu\\\/fr\\\/u\\\/\",\"name\":\"U - SIMILAR\",\"isPartOf\":{\"@id\":\"https:\\\/\\\/interreg-similar.eu\\\/fr\\\/#website\"},\"datePublished\":\"2022-01-27T14:38:00+00:00\",\"dateModified\":\"2022-01-27T14:39:07+00:00\",\"breadcrumb\":{\"@id\":\"https:\\\/\\\/interreg-similar.eu\\\/fr\\\/u\\\/#breadcrumb\"},\"inLanguage\":\"fr-FR\",\"potentialAction\":[{\"@type\":\"ReadAction\",\"target\":[\"https:\\\/\\\/interreg-similar.eu\\\/fr\\\/u\\\/\"]}]},{\"@type\":\"BreadcrumbList\",\"@id\":\"https:\\\/\\\/interreg-similar.eu\\\/fr\\\/u\\\/#breadcrumb\",\"itemListElement\":[{\"@type\":\"ListItem\",\"position\":1,\"name\":\"Home\",\"item\":\"https:\\\/\\\/interreg-similar.eu\\\/fr\\\/\"},{\"@type\":\"ListItem\",\"position\":2,\"name\":\"U\"}]},{\"@type\":\"WebSite\",\"@id\":\"https:\\\/\\\/interreg-similar.eu\\\/fr\\\/#website\",\"url\":\"https:\\\/\\\/interreg-similar.eu\\\/fr\\\/\",\"name\":\"SIMILAR\",\"description\":\"Taal- en cul\u00adtuur\u00adbeleid als sleutel tot het internationaal concur\u00adrentie\u00advermogen van kmo\u2019s in de voedingssector.\",\"publisher\":{\"@id\":\"https:\\\/\\\/interreg-similar.eu\\\/fr\\\/#organization\"},\"potentialAction\":[{\"@type\":\"SearchAction\",\"target\":{\"@type\":\"EntryPoint\",\"urlTemplate\":\"https:\\\/\\\/interreg-similar.eu\\\/fr\\\/?s={search_term_string}\"},\"query-input\":{\"@type\":\"PropertyValueSpecification\",\"valueRequired\":true,\"valueName\":\"search_term_string\"}}],\"inLanguage\":\"fr-FR\"},{\"@type\":\"Organization\",\"@id\":\"https:\\\/\\\/interreg-similar.eu\\\/fr\\\/#organization\",\"name\":\"Interreg Similar\",\"url\":\"https:\\\/\\\/interreg-similar.eu\\\/fr\\\/\",\"logo\":{\"@type\":\"ImageObject\",\"inLanguage\":\"fr-FR\",\"@id\":\"https:\\\/\\\/interreg-similar.eu\\\/fr\\\/#\\\/schema\\\/logo\\\/image\\\/\",\"url\":\"https:\\\/\\\/interreg-similar.eu\\\/wp-content\\\/uploads\\\/2019\\\/11\\\/cropped-interreg-similar.jpg\",\"contentUrl\":\"https:\\\/\\\/interreg-similar.eu\\\/wp-content\\\/uploads\\\/2019\\\/11\\\/cropped-interreg-similar.jpg\",\"width\":1008,\"height\":390,\"caption\":\"Interreg Similar\"},\"image\":{\"@id\":\"https:\\\/\\\/interreg-similar.eu\\\/fr\\\/#\\\/schema\\\/logo\\\/image\\\/\"}}]}<\/script>\n<!-- \/ Yoast SEO plugin. -->","yoast_head_json":{"title":"U - SIMILAR","robots":{"index":"index","follow":"follow","max-snippet":"max-snippet:-1","max-image-preview":"max-image-preview:large","max-video-preview":"max-video-preview:-1"},"canonical":"https:\/\/interreg-similar.eu\/fr\/u\/","og_locale":"fr_FR","og_type":"article","og_title":"U - SIMILAR","og_description":"Retour \u00e0 la page pr\u00e9c\u00e9dente","og_url":"https:\/\/interreg-similar.eu\/fr\/u\/","og_site_name":"SIMILAR","article_modified_time":"2022-01-27T14:39:07+00:00","twitter_card":"summary_large_image","twitter_misc":{"Dur\u00e9e de lecture estim\u00e9e":"1 minute"},"schema":{"@context":"https:\/\/schema.org","@graph":[{"@type":"WebPage","@id":"https:\/\/interreg-similar.eu\/fr\/u\/","url":"https:\/\/interreg-similar.eu\/fr\/u\/","name":"U - SIMILAR","isPartOf":{"@id":"https:\/\/interreg-similar.eu\/fr\/#website"},"datePublished":"2022-01-27T14:38:00+00:00","dateModified":"2022-01-27T14:39:07+00:00","breadcrumb":{"@id":"https:\/\/interreg-similar.eu\/fr\/u\/#breadcrumb"},"inLanguage":"fr-FR","potentialAction":[{"@type":"ReadAction","target":["https:\/\/interreg-similar.eu\/fr\/u\/"]}]},{"@type":"BreadcrumbList","@id":"https:\/\/interreg-similar.eu\/fr\/u\/#breadcrumb","itemListElement":[{"@type":"ListItem","position":1,"name":"Home","item":"https:\/\/interreg-similar.eu\/fr\/"},{"@type":"ListItem","position":2,"name":"U"}]},{"@type":"WebSite","@id":"https:\/\/interreg-similar.eu\/fr\/#website","url":"https:\/\/interreg-similar.eu\/fr\/","name":"SIMILAR","description":"Taal- en cul\u00adtuur\u00adbeleid als sleutel tot het internationaal concur\u00adrentie\u00advermogen van kmo\u2019s in de voedingssector.","publisher":{"@id":"https:\/\/interreg-similar.eu\/fr\/#organization"},"potentialAction":[{"@type":"SearchAction","target":{"@type":"EntryPoint","urlTemplate":"https:\/\/interreg-similar.eu\/fr\/?s={search_term_string}"},"query-input":{"@type":"PropertyValueSpecification","valueRequired":true,"valueName":"search_term_string"}}],"inLanguage":"fr-FR"},{"@type":"Organization","@id":"https:\/\/interreg-similar.eu\/fr\/#organization","name":"Interreg Similar","url":"https:\/\/interreg-similar.eu\/fr\/","logo":{"@type":"ImageObject","inLanguage":"fr-FR","@id":"https:\/\/interreg-similar.eu\/fr\/#\/schema\/logo\/image\/","url":"https:\/\/interreg-similar.eu\/wp-content\/uploads\/2019\/11\/cropped-interreg-similar.jpg","contentUrl":"https:\/\/interreg-similar.eu\/wp-content\/uploads\/2019\/11\/cropped-interreg-similar.jpg","width":1008,"height":390,"caption":"Interreg Similar"},"image":{"@id":"https:\/\/interreg-similar.eu\/fr\/#\/schema\/logo\/image\/"}}]}},"jetpack_sharing_enabled":true,"_links":{"self":[{"href":"https:\/\/interreg-similar.eu\/fr\/wp-json\/wp\/v2\/pages\/6418","targetHints":{"allow":["GET"]}}],"collection":[{"href":"https:\/\/interreg-similar.eu\/fr\/wp-json\/wp\/v2\/pages"}],"about":[{"href":"https:\/\/interreg-similar.eu\/fr\/wp-json\/wp\/v2\/types\/page"}],"author":[{"embeddable":true,"href":"https:\/\/interreg-similar.eu\/fr\/wp-json\/wp\/v2\/users\/8"}],"replies":[{"embeddable":true,"href":"https:\/\/interreg-similar.eu\/fr\/wp-json\/wp\/v2\/comments?post=6418"}],"version-history":[{"count":1,"href":"https:\/\/interreg-similar.eu\/fr\/wp-json\/wp\/v2\/pages\/6418\/revisions"}],"predecessor-version":[{"id":6419,"href":"https:\/\/interreg-similar.eu\/fr\/wp-json\/wp\/v2\/pages\/6418\/revisions\/6419"}],"wp:attachment":[{"href":"https:\/\/interreg-similar.eu\/fr\/wp-json\/wp\/v2\/media?parent=6418"}],"curies":[{"name":"wp","href":"https:\/\/api.w.org\/{rel}","templated":true}]}}